{"id":33,"date":"2026-03-20T00:56:48","date_gmt":"2026-03-20T00:56:48","guid":{"rendered":"https:\/\/stemariemadeleinedeyop.com\/?page_id=33"},"modified":"2026-04-30T00:18:38","modified_gmt":"2026-04-30T00:18:38","slug":"presentation","status":"publish","type":"page","link":"https:\/\/stemariemadeleinedeyop.com\/en\/presentation\/","title":{"rendered":"Presentation"},"content":{"rendered":"<div data-elementor-type=\"wp-page\" data-elementor-id=\"33\" class=\"elementor elementor-33\" data-elementor-post-type=\"page\">\n\t\t\t\t<div class=\"elementor-element elementor-element-e89d401 e-flex e-con-boxed e-con e-parent\" data-id=\"e89d401\" data-element_type=\"container\" data-e-type=\"container\" data-settings=\"{&quot;background_background&quot;:&quot;gradient&quot;}\">\n\t\t\t\t\t<div class=\"e-con-inner\">\n\t\t\t\t<div class=\"elementor-element elementor-element-eae2c66 elementor-widget elementor-widget-heading\" data-id=\"eae2c66\" data-element_type=\"widget\" data-e-type=\"widget\" data-widget_type=\"heading.default\">\n\t\t\t\t\t<h2 class=\"elementor-heading-title elementor-size-default\"><u>History of the Parish<\/u><\/h2>\t\t\t\t<\/div>\n\t\t\t\t<div class=\"elementor-element elementor-element-b41ab17 elementor-widget elementor-widget-text-editor\" data-id=\"b41ab17\" data-element_type=\"widget\" data-e-type=\"widget\" data-widget_type=\"text-editor.default\">\n\t\t\t\t\t\t\t\t\t<p><strong>The Congregation of the Sons of the Immaculate Conception<\/strong> has arrived in the Diocese of Yopougon since <strong>September 8, 2014<\/strong>. It is used for <strong>Saint Mary Magdalene Parish<\/strong> who was <strong>established as a parish on April 27, 2015<\/strong> by <strong>My Lord Jean-Salomon Lezouti\u00e9<\/strong>, initially<strong> personal parish for the English-speaking community of the Yopougon area<\/strong>, she became <strong>since the 2015-2016 pastoral year, 'territorial' parish<\/strong> housing both <strong>the English-speaking community of the Yopougon area (mostly Nigerian) and French-speaking Christians<\/strong> living at the Military Camp. However, it is worth noting that <strong>It was a chapel called Nativity.<\/strong> It is located at the <strong>Military Camp between the terminus of bus 37 and the terminus of the Gbaka<\/strong>. These two communities coexist peacefully and are supervised and <strong>led by a presbyterial team of Conceptionist priests.<\/strong><\/p>\t\t\t\t\t\t\t\t<\/div>\n\t\t\t\t\t<\/div>\n\t\t\t\t<\/div>\n\t\t<div class=\"elementor-element elementor-element-f1faf3c e-flex e-con-boxed e-con e-parent\" data-id=\"f1faf3c\" data-element_type=\"container\" data-e-type=\"container\" data-settings=\"{&quot;background_background&quot;:&quot;gradient&quot;}\">\n\t\t\t\t\t<div class=\"e-con-inner\">\n\t\t\t\t<div class=\"elementor-element elementor-element-19db1ed elementor-widget elementor-widget-heading\" data-id=\"19db1ed\" data-element_type=\"widget\" data-e-type=\"widget\" data-widget_type=\"heading.default\">\n\t\t\t\t\t<h2 class=\"elementor-heading-title elementor-size-default\"><u>Congregation of the Sons of the Immaculate Conception<\/u><\/h2>\t\t\t\t<\/div>\n\t\t\t\t<div class=\"elementor-element elementor-element-c7a3c44 elementor-widget elementor-widget-text-editor\" data-id=\"c7a3c44\" data-element_type=\"widget\" data-e-type=\"widget\" data-widget_type=\"text-editor.default\">\n\t\t\t\t\t\t\t\t\t<p><strong>BLESSED LUIGI MARIA MONTI<\/strong><\/p><p>Founder of the Congregation of the Sons of the Immaculate Conception, <strong>layperson consecrated in the Church, called 'father' out of veneration during his life and after his death<\/strong>, the father is <strong>born in Bovisio (Milan) in 1825<\/strong>. When he was young, he succeeded in renewing the Christian life of the village with a group of his age that he loved mainly through his example. Unjustly slandered,<strong> He endured prison with his companions for 72 days. At 21 he devoted himself to the Lord<\/strong> forever. He passed <strong>6 years with the Sons of Mary where he received training according to the spirituality and was a volunteer nurse for 3 months in 1855<\/strong>. With Fr. Dossi, his spiritual director, and Cipriano Pezzini, a nurse from Cremona, he planned to form a charitable congregation that he organized himself in the Hospital of the Holy Spirit in Rome, where he had arrived in 1858. A hospital employee with multiple roles, in Orte (1868-1877), Monti, a consecrated man, left a testimony of dedication and high qualification among all social classes in <strong>helping the infirm as 'the poor of Christ'<\/strong>. Named <strong>Superior General of his congregation in 1877<\/strong> He gave him his original appearance and his mind. <strong>In 1886, he opened the first shelter for orphans in Saronno<\/strong> to educate like sons and to 'keep as the apple of the eye'. It is there that he <strong>died on the 1<sup>st<\/sup>\u00a0\u00a0October 1900<\/strong> leaving to the people of God <strong>the testimony of a life rooted in faith, of uncommon strength, of a selfless giving to the suffering neighbor, in the name of the 'Immaculate Mother'.<\/strong><\/p>\t\t\t\t\t\t\t\t<\/div>\n\t\t\t\t\t<\/div>\n\t\t\t\t<\/div>\n\t\t<div class=\"elementor-element elementor-element-cd05dcc e-flex e-con-boxed e-con e-parent\" data-id=\"cd05dcc\" data-element_type=\"container\" data-e-type=\"container\" data-settings=\"{&quot;background_background&quot;:&quot;gradient&quot;}\">\n\t\t\t\t\t<div class=\"e-con-inner\">\n\t\t\t\t<div class=\"elementor-element elementor-element-963ec17 elementor-widget elementor-widget-heading\" data-id=\"963ec17\" data-element_type=\"widget\" data-e-type=\"widget\" data-widget_type=\"heading.default\">\n\t\t\t\t\t<h2 class=\"elementor-heading-title elementor-size-default\"><u>The life of the Patron Saint of the Parish<\/u><\/h2>\t\t\t\t<\/div>\n\t\t\t\t<div class=\"elementor-element elementor-element-2869ddc elementor-widget elementor-widget-text-editor\" data-id=\"2869ddc\" data-element_type=\"widget\" data-e-type=\"widget\" data-widget_type=\"text-editor.default\">\n\t\t\t\t\t\t\t\t\t<p><strong>SAINT MARY MAGDALENE<\/strong><\/p><p><strong>Mary Magdalene, or Mary of Magdala<\/strong>, also called <strong>Mary Magdalene in the Gospels<\/strong>, is a disciple of Jesus of Nazareth who follows him until his final days. This important figure of Christianity is <strong>mentioned at least twelve times in the four Gospels<\/strong> canonical, more than most of the apostles.<\/p><p><strong>Place of birth<\/strong>\u00a0: Magdala, Israel<\/p><p><strong>Place of death<\/strong>\u00a0Ephesus, Turkey<\/p><p><strong>Parents<\/strong>\u00a0: Eucharis, Cyrus<\/p><p><strong>She is the first to meet the risen Christ<\/strong>, she is the first to bear witness to him before the Apostles.<strong> That is why she was even called 'the apostle of the Apostles'.<\/strong><\/p><p>Besides Mary, mother of Jesus, the gospels speak to us of several Marys. Today we celebrate Mary of <strong>Magdala, Mary Magdalene from whom Jesus had cast out seven demons.<\/strong> Since then, she followed him everywhere he went, being part of that group of women who served the Master and the apostles. At the crucifixion, she stands at a distance, but after the descent from the cross, she follows Joseph of Arimathea, notices what is happening, and will return, with another Mary, on Easter morning for the burial rites. <strong>It is she who will first receive the revelation of the risen Christ<\/strong> when the gardener makes himself known. 'Rabbouni, Master' is his act of faith. The cult of Mary Magdalene experienced significant development in France at Sainte-Baume, in the south of France, and especially at V\u00e9zelay.<\/p><ul><li><strong>She is the mistress of the diocese of Var \u2013 From the earliest Christian centuries, penitents, saints, kings, popes come to complete their pilgrimage<\/strong> at the cave of Sainte-Baume near Saint Mary Magdalene. (diocese of Fr\u00e9jus-Toulon) - Mary Magdalene will henceforth be the subject of a liturgical feast (Vatican Radio): 'Saint Mary Magdalene is an example of a true and authentic evangelist, that is to say, an evangelist who announces the joyful central message of Easter. Pope Francis made this decision precisely in the context of the Jubilee of Mercy to signify the importance of this woman who showed great love for Christ and who was so beloved by Christ.' Arthur Roche, archbishop secretary of the Congregation for Divine Worship and the Discipline of the Sacraments.<\/li><li>The church of Charnay-l\u00e8s-M\u00e2con is dedicated to him.<\/li><li><strong>Mary Magdalene is often depicted in the churches of Sa\u00f4ne-et-Loire.<\/strong><\/li><li><strong>Mary Magdalene: The woman who fought for holiness and for the proclamation of the Good News,<\/strong> Mass in Magdala, a small village in Galilee where the saint lived (Christian Media Center)<\/li><\/ul><p>Delivered from seven demons by the Lord Jesus, she attached herself with love to His steps, followed Him to Calvary, and deserved, on the morning of Easter, to see the Savior risen from the dead and to bring to the other disciples the announcement of the Resurrection.<\/p><p>\u201cWoman, why are you crying? Whom are you looking for? The one you are seeking, you possess Him and you do not know it? You have true and eternal joy, and you cry? He is in the innermost part of your being, and you search outside. Your heart is my tomb. I am not dead there, but I rest alive forever.\u201d\u00a0<\/p><p>(Prayer of an unknown 13th-century monk)        Roman Martyrology<\/p>\t\t\t\t\t\t\t\t<\/div>\n\t\t\t\t\t<\/div>\n\t\t\t\t<\/div>\n\t\t<div class=\"elementor-element elementor-element-5887c72 e-flex e-con-boxed e-con e-parent\" data-id=\"5887c72\" data-element_type=\"container\" data-e-type=\"container\" data-settings=\"{&quot;background_background&quot;:&quot;gradient&quot;}\">\n\t\t\t\t\t<div class=\"e-con-inner\">\n\t\t\t\t<div class=\"elementor-element elementor-element-28e3af9 elementor-widget elementor-widget-heading\" data-id=\"28e3af9\" data-element_type=\"widget\" data-e-type=\"widget\" data-widget_type=\"heading.default\">\n\t\t\t\t\t<h2 class=\"elementor-heading-title elementor-size-default\"><a href=\"https:\/\/stemariemadeleinedeyop.com\/en\/le-clerge\/\"><u>The Parish Presbytery Team<\/u><\/a><\/h2>\t\t\t\t<\/div>\n\t\t\t\t<div class=\"elementor-element elementor-element-461ebd3 elementor-widget elementor-widget-text-editor\" data-id=\"461ebd3\" data-element_type=\"widget\" data-e-type=\"widget\" data-widget_type=\"text-editor.default\">\n\t\t\t\t\t\t\t\t\t<p>The presbyteral team is made up of 4 priests led by the <strong>Reverend Father Val\u00e9ry Nicaise AMIAN<\/strong>, parish priest since 2025.<\/p>\t\t\t\t\t\t\t\t<\/div>\n\t\t\t\t\t<\/div>\n\t\t\t\t<\/div>\n\t\t<div class=\"elementor-element elementor-element-ff22e2d e-flex e-con-boxed e-con e-parent\" data-id=\"ff22e2d\" data-element_type=\"container\" data-e-type=\"container\" data-settings=\"{&quot;background_background&quot;:&quot;gradient&quot;}\">\n\t\t\t\t\t<div class=\"e-con-inner\">\n\t\t\t\t<div class=\"elementor-element elementor-element-1f82de0 elementor-widget elementor-widget-button\" data-id=\"1f82de0\" data-element_type=\"widget\" data-e-type=\"widget\" data-widget_type=\"button.default\">\n\t\t\t\t\t\t\t\t\t\t<a class=\"elementor-button elementor-button-link elementor-size-sm\" href=\"https:\/\/stemariemadeleinedeyop.com\/en\/le-clerge\/\">\n\t\t\t\t\t\t<span class=\"elementor-button-content-wrapper\">\n\t\t\t\t\t\t<span class=\"elementor-button-icon\">\n\t\t\t\t<svg aria-hidden=\"true\" class=\"e-font-icon-svg e-fas-arrow-circle-right\" viewbox=\"0 0 512 512\" xmlns=\"http:\/\/www.w3.org\/2000\/svg\"><path d=\"M256 8c137 0 248 111 248 248S393 504 256 504 8 393 8 256 119 8 256 8zm-28.9 143.6l75.5 72.4H120c-13.3 0-24 10.7-24 24v16c0 13.3 10.7 24 24 24h182.6l-75.5 72.4c-9.7 9.3-9.9 24.8-.4 34.3l11 10.9c9.4 9.4 24.6 9.4 33.9 0L404.3 273c9.4-9.4 9.4-24.6 0-33.9L271.6 106.3c-9.4-9.4-24.6-9.4-33.9 0l-11 10.9c-9.5 9.6-9.3 25.1.4 34.4z\"><\/path><\/svg>\t\t\t<\/span>\n\t\t\t\t\t\t\t\t\t<span class=\"elementor-button-text\">Learn more here<\/span>\n\t\t\t\t\t<\/span>\n\t\t\t\t\t<\/a>\n\t\t\t\t\t\t\t\t<\/div>\n\t\t\t\t\t<\/div>\n\t\t\t\t<\/div>\n\t\t<div class=\"elementor-element elementor-element-cf12da2 e-flex e-con-boxed e-con e-parent\" data-id=\"cf12da2\" data-element_type=\"container\" data-e-type=\"container\" data-settings=\"{&quot;background_background&quot;:&quot;gradient&quot;}\">\n\t\t\t\t\t<div class=\"e-con-inner\">\n\t\t\t\t<div class=\"elementor-element elementor-element-6e67d61 elementor-widget elementor-widget-heading\" data-id=\"6e67d61\" data-element_type=\"widget\" data-e-type=\"widget\" data-widget_type=\"heading.default\">\n\t\t\t\t\t<h2 class=\"elementor-heading-title elementor-size-default\"><a href=\"https:\/\/stemariemadeleinedeyop.com\/en\/les-entites\/\"><u>The Parish Entities<\/u><\/a><\/h2>\t\t\t\t<\/div>\n\t\t\t\t<div class=\"elementor-element elementor-element-bf5ffa4 elementor-widget elementor-widget-text-editor\" data-id=\"bf5ffa4\" data-element_type=\"widget\" data-e-type=\"widget\" data-widget_type=\"text-editor.default\">\n\t\t\t\t\t\t\t\t\t<p>The entities of the Parish are composed of <strong>Offices of the Parish Pastoral Council (Anglophone and Francophone), of the Council for Economic Affairs Office (Anglophone and Francophone), of four (04) Commissions, of two (02) Coordinations, and of four (4) Pastorals.\u00a0<\/strong><\/p>\t\t\t\t\t\t\t\t<\/div>\n\t\t\t\t<div class=\"elementor-element elementor-element-fca44da elementor-widget elementor-widget-button\" data-id=\"fca44da\" data-element_type=\"widget\" data-e-type=\"widget\" data-widget_type=\"button.default\">\n\t\t\t\t\t\t\t\t\t\t<a class=\"elementor-button elementor-button-link elementor-size-sm\" href=\"https:\/\/stemariemadeleinedeyop.com\/en\/les-entites\/\">\n\t\t\t\t\t\t<span class=\"elementor-button-content-wrapper\">\n\t\t\t\t\t\t<span class=\"elementor-button-icon\">\n\t\t\t\t<svg aria-hidden=\"true\" class=\"e-font-icon-svg e-fas-arrow-circle-right\" viewbox=\"0 0 512 512\" xmlns=\"http:\/\/www.w3.org\/2000\/svg\"><path d=\"M256 8c137 0 248 111 248 248S393 504 256 504 8 393 8 256 119 8 256 8zm-28.9 143.6l75.5 72.4H120c-13.3 0-24 10.7-24 24v16c0 13.3 10.7 24 24 24h182.6l-75.5 72.4c-9.7 9.3-9.9 24.8-.4 34.3l11 10.9c9.4 9.4 24.6 9.4 33.9 0L404.3 273c9.4-9.4 9.4-24.6 0-33.9L271.6 106.3c-9.4-9.4-24.6-9.4-33.9 0l-11 10.9c-9.5 9.6-9.3 25.1.4 34.4z\"><\/path><\/svg>\t\t\t<\/span>\n\t\t\t\t\t\t\t\t\t<span class=\"elementor-button-text\">Learn more here<\/span>\n\t\t\t\t\t<\/span>\n\t\t\t\t\t<\/a>\n\t\t\t\t\t\t\t\t<\/div>\n\t\t\t\t\t<\/div>\n\t\t\t\t<\/div>\n\t\t<div class=\"elementor-element elementor-element-bac3583 e-flex e-con-boxed e-con e-parent\" data-id=\"bac3583\" data-element_type=\"container\" data-e-type=\"container\" data-settings=\"{&quot;background_background&quot;:&quot;gradient&quot;}\">\n\t\t\t\t\t<div class=\"e-con-inner\">\n\t\t\t\t<div class=\"elementor-element elementor-element-6f4838f elementor-widget elementor-widget-heading\" data-id=\"6f4838f\" data-element_type=\"widget\" data-e-type=\"widget\" data-widget_type=\"heading.default\">\n\t\t\t\t\t<h2 class=\"elementor-heading-title elementor-size-default\"><u>The Parish's Ongoing Projects<\/u><\/h2>\t\t\t\t<\/div>\n\t\t\t\t<div class=\"elementor-element elementor-element-fc3153b elementor-widget elementor-widget-text-editor\" data-id=\"fc3153b\" data-element_type=\"widget\" data-e-type=\"widget\" data-widget_type=\"text-editor.default\">\n\t\t\t\t\t\t\t\t\t<ul><li><strong>The Construction of a R+3 Building<\/strong><\/li><li><strong>La R\u00e9novation de la Chapelle d&rsquo;Adoration<\/strong><\/li><li><strong>Purchase of chairs<\/strong> (Lenten Effort, one Parishioner one chair)<\/li><li><strong>The enlargement of the church<\/strong><\/li><li><p><strong>The construction of the rectory<\/strong><\/p><\/li><\/ul>\t\t\t\t\t\t\t\t<\/div>\n\t\t\t\t<div class=\"elementor-element elementor-element-61d7d86 elementor-widget elementor-widget-button\" data-id=\"61d7d86\" data-element_type=\"widget\" data-e-type=\"widget\" data-widget_type=\"button.default\">\n\t\t\t\t\t\t\t\t\t\t<a class=\"elementor-button elementor-button-link elementor-size-sm\" href=\"https:\/\/stemariemadeleinedeyop.com\/en\/don\/\">\n\t\t\t\t\t\t<span class=\"elementor-button-content-wrapper\">\n\t\t\t\t\t\t<span class=\"elementor-button-icon\">\n\t\t\t\t<svg aria-hidden=\"true\" class=\"e-font-icon-svg e-fas-arrow-circle-right\" viewbox=\"0 0 512 512\" xmlns=\"http:\/\/www.w3.org\/2000\/svg\"><path d=\"M256 8c137 0 248 111 248 248S393 504 256 504 8 393 8 256 119 8 256 8zm-28.9 143.6l75.5 72.4H120c-13.3 0-24 10.7-24 24v16c0 13.3 10.7 24 24 24h182.6l-75.5 72.4c-9.7 9.3-9.9 24.8-.4 34.3l11 10.9c9.4 9.4 24.6 9.4 33.9 0L404.3 273c9.4-9.4 9.4-24.6 0-33.9L271.6 106.3c-9.4-9.4-24.6-9.4-33.9 0l-11 10.9c-9.5 9.6-9.3 25.1.4 34.4z\"><\/path><\/svg>\t\t\t<\/span>\n\t\t\t\t\t\t\t\t\t<span class=\"elementor-button-text\">Make a Donation to Support the Parish's Projects <\/span>\n\t\t\t\t\t<\/span>\n\t\t\t\t\t<\/a>\n\t\t\t\t\t\t\t\t<\/div>\n\t\t\t\t\t<\/div>\n\t\t\t\t<\/div>\n\t\t\t\t<\/div>","protected":false},"excerpt":{"rendered":"<p>Histoire de la Paroisse La Congr\u00e9gation des Fils de l\u2019Immacul\u00e9e Conception est arriv\u00e9e dans le Dioc\u00e8se de Yopougon depuis le 08 septembre 2014. Elle sert \u00e0 la Paroisse Sainte Marie Madeleine qui a \u00e9t\u00e9 \u00e9rig\u00e9e en paroisse le 27 avril 2015 par Monseigneur Jean-Salomon Lezouti\u00e9, initialement paroisse personnelle pour la communaut\u00e9 anglophone du territoire de [&hellip;]<\/p>\n","protected":false},"author":1,"featured_media":0,"parent":0,"menu_order":0,"comment_status":"closed","ping_status":"closed","template":"","meta":{"ocean_post_layout":"","ocean_both_sidebars_style":"","ocean_both_sidebars_content_width":0,"ocean_both_sidebars_sidebars_width":0,"ocean_sidebar":"","ocean_second_sidebar":"","ocean_disable_margins":"enable","ocean_add_body_class":"","ocean_shortcode_before_top_bar":"","ocean_shortcode_after_top_bar":"","ocean_shortcode_before_header":"","ocean_shortcode_after_header":"","ocean_has_shortcode":"","ocean_shortcode_after_title":"","ocean_shortcode_before_footer_widgets":"","ocean_shortcode_after_footer_widgets":"","ocean_shortcode_before_footer_bottom":"","ocean_shortcode_after_footer_bottom":"","ocean_display_top_bar":"default","ocean_display_header":"default","ocean_header_style":"","ocean_center_header_left_menu":"","ocean_custom_header_template":"","ocean_custom_logo":0,"ocean_custom_retina_logo":0,"ocean_custom_logo_max_width":0,"ocean_custom_logo_tablet_max_width":0,"ocean_custom_logo_mobile_max_width":0,"ocean_custom_logo_max_height":0,"ocean_custom_logo_tablet_max_height":0,"ocean_custom_logo_mobile_max_height":0,"ocean_header_custom_menu":"","ocean_menu_typo_font_family":"","ocean_menu_typo_font_subset":"","ocean_menu_typo_font_size":0,"ocean_menu_typo_font_size_tablet":0,"ocean_menu_typo_font_size_mobile":0,"ocean_menu_typo_font_size_unit":"px","ocean_menu_typo_font_weight":"","ocean_menu_typo_font_weight_tablet":"","ocean_menu_typo_font_weight_mobile":"","ocean_menu_typo_transform":"","ocean_menu_typo_transform_tablet":"","ocean_menu_typo_transform_mobile":"","ocean_menu_typo_line_height":0,"ocean_menu_typo_line_height_tablet":0,"ocean_menu_typo_line_height_mobile":0,"ocean_menu_typo_line_height_unit":"","ocean_menu_typo_spacing":0,"ocean_menu_typo_spacing_tablet":0,"ocean_menu_typo_spacing_mobile":0,"ocean_menu_typo_spacing_unit":"","ocean_menu_link_color":"","ocean_menu_link_color_hover":"","ocean_menu_link_color_active":"","ocean_menu_link_background":"","ocean_menu_link_hover_background":"","ocean_menu_link_active_background":"","ocean_menu_social_links_bg":"","ocean_menu_social_hover_links_bg":"","ocean_menu_social_links_color":"","ocean_menu_social_hover_links_color":"","ocean_disable_title":"default","ocean_disable_heading":"default","ocean_post_title":"","ocean_post_subheading":"","ocean_post_title_style":"","ocean_post_title_background_color":"","ocean_post_title_background":0,"ocean_post_title_bg_image_position":"","ocean_post_title_bg_image_attachment":"","ocean_post_title_bg_image_repeat":"","ocean_post_title_bg_image_size":"","ocean_post_title_height":0,"ocean_post_title_bg_overlay":0.5,"ocean_post_title_bg_overlay_color":"","ocean_disable_breadcrumbs":"default","ocean_breadcrumbs_color":"","ocean_breadcrumbs_separator_color":"","ocean_breadcrumbs_links_color":"","ocean_breadcrumbs_links_hover_color":"","ocean_display_footer_widgets":"default","ocean_display_footer_bottom":"default","ocean_custom_footer_template":"","footnotes":""},"class_list":["post-33","page","type-page","status-publish","hentry","entry"],"_hostinger_reach_plugin_has_subscription_block":false,"_hostinger_reach_plugin_is_elementor":false,"_links":{"self":[{"href":"https:\/\/stemariemadeleinedeyop.com\/en\/wp-json\/wp\/v2\/pages\/33","targetHints":{"allow":["GET"]}}],"collection":[{"href":"https:\/\/stemariemadeleinedeyop.com\/en\/wp-json\/wp\/v2\/pages"}],"about":[{"href":"https:\/\/stemariemadeleinedeyop.com\/en\/wp-json\/wp\/v2\/types\/page"}],"author":[{"embeddable":true,"href":"https:\/\/stemariemadeleinedeyop.com\/en\/wp-json\/wp\/v2\/users\/1"}],"replies":[{"embeddable":true,"href":"https:\/\/stemariemadeleinedeyop.com\/en\/wp-json\/wp\/v2\/comments?post=33"}],"version-history":[{"count":31,"href":"https:\/\/stemariemadeleinedeyop.com\/en\/wp-json\/wp\/v2\/pages\/33\/revisions"}],"predecessor-version":[{"id":1717,"href":"https:\/\/stemariemadeleinedeyop.com\/en\/wp-json\/wp\/v2\/pages\/33\/revisions\/1717"}],"wp:attachment":[{"href":"https:\/\/stemariemadeleinedeyop.com\/en\/wp-json\/wp\/v2\/media?parent=33"}],"curies":[{"name":"wp","href":"https:\/\/api.w.org\/{rel}","templated":true}]}}