{"id":215,"date":"2026-03-23T16:50:18","date_gmt":"2026-03-23T16:50:18","guid":{"rendered":"https:\/\/stemariemadeleinedeyop.com\/?page_id=215"},"modified":"2026-04-23T00:37:09","modified_gmt":"2026-04-23T00:37:09","slug":"le-clerge","status":"publish","type":"page","link":"https:\/\/stemariemadeleinedeyop.com\/en\/le-clerge\/","title":{"rendered":"The Clergy"},"content":{"rendered":"<div data-elementor-type=\"wp-page\" data-elementor-id=\"215\" class=\"elementor elementor-215\" data-elementor-post-type=\"page\">\n\t\t\t\t<div class=\"elementor-element elementor-element-4a6e0f1 e-flex e-con-boxed elementor-invisible e-con e-parent\" data-id=\"4a6e0f1\" data-element_type=\"container\" data-e-type=\"container\" data-settings=\"{&quot;background_background&quot;:&quot;gradient&quot;,&quot;animation&quot;:&quot;fadeInLeft&quot;}\">\n\t\t\t\t\t<div class=\"e-con-inner\">\n\t\t\t\t<div class=\"elementor-element elementor-element-77b5362 elementor-widget elementor-widget-heading\" data-id=\"77b5362\" data-element_type=\"widget\" data-e-type=\"widget\" data-widget_type=\"heading.default\">\n\t\t\t\t\t<h2 class=\"elementor-heading-title elementor-size-default\">The Presbyterial Team<\/h2>\t\t\t\t<\/div>\n\t\t\t\t\t<\/div>\n\t\t\t\t<\/div>\n\t\t<div class=\"elementor-element elementor-element-010c53b e-flex e-con-boxed e-con e-parent\" data-id=\"010c53b\" data-element_type=\"container\" data-e-type=\"container\">\n\t\t\t\t\t<div class=\"e-con-inner\">\n\t\t<div class=\"elementor-element elementor-element-6e35404 e-con-full e-flex e-con e-child\" data-id=\"6e35404\" data-element_type=\"container\" data-e-type=\"container\">\n\t\t\t\t<div class=\"elementor-element elementor-element-2528206 elementor-position-top elementor-invisible elementor-widget elementor-widget-image-box\" data-id=\"2528206\" data-element_type=\"widget\" data-e-type=\"widget\" data-settings=\"{&quot;_animation&quot;:&quot;fadeInDown&quot;}\" data-widget_type=\"image-box.default\">\n\t\t\t\t\t<div class=\"elementor-image-box-wrapper\"><figure class=\"elementor-image-box-img\"><img fetchpriority=\"high\" decoding=\"async\" width=\"285\" height=\"239\" src=\"https:\/\/stemariemadeleinedeyop.com\/wp-content\/uploads\/2026\/04\/cure.jpg\" class=\"elementor-animation-pulse attachment-full size-full wp-image-836\" alt=\"\" \/><\/figure><div class=\"elementor-image-box-content\"><h3 class=\"elementor-image-box-title\">Reverend Father Val\u00e9ry Nicaise AMIAN<\/h3><p class=\"elementor-image-box-description\">Parish priest since 2025<\/p><\/div><\/div>\t\t\t\t<\/div>\n\t\t\t\t<\/div>\n\t\t<div class=\"elementor-element elementor-element-f396b0d e-con-full e-flex e-con e-child\" data-id=\"f396b0d\" data-element_type=\"container\" data-e-type=\"container\">\n\t\t\t\t<div class=\"elementor-element elementor-element-303b5ba elementor-position-top elementor-invisible elementor-widget elementor-widget-image-box\" data-id=\"303b5ba\" data-element_type=\"widget\" data-e-type=\"widget\" data-settings=\"{&quot;_animation&quot;:&quot;fadeInDown&quot;}\" data-widget_type=\"image-box.default\">\n\t\t\t\t\t<div class=\"elementor-image-box-wrapper\"><figure class=\"elementor-image-box-img\"><img decoding=\"async\" width=\"1200\" height=\"700\" src=\"https:\/\/stemariemadeleinedeyop.com\/wp-content\/uploads\/2026\/03\/623416105_26013009021652739_2957676306582489966_n-1200x700.jpg\" class=\"elementor-animation-pulse attachment-ocean-thumb-l size-ocean-thumb-l wp-image-173\" alt=\"\" \/><\/figure><div class=\"elementor-image-box-content\"><h3 class=\"elementor-image-box-title\">Reverend Father Konan Jacques KATCHIRE<\/h3><p class=\"elementor-image-box-description\">Parish Vicar, Chaplain of the Youth<\/p><\/div><\/div>\t\t\t\t<\/div>\n\t\t\t\t<\/div>\n\t\t<div class=\"elementor-element elementor-element-cb4661a e-con-full e-flex e-con e-child\" data-id=\"cb4661a\" data-element_type=\"container\" data-e-type=\"container\">\n\t\t\t\t<div class=\"elementor-element elementor-element-64ca3cc elementor-position-top elementor-invisible elementor-widget elementor-widget-image-box\" data-id=\"64ca3cc\" data-element_type=\"widget\" data-e-type=\"widget\" data-settings=\"{&quot;_animation&quot;:&quot;fadeInDown&quot;}\" data-widget_type=\"image-box.default\">\n\t\t\t\t\t<div class=\"elementor-image-box-wrapper\"><figure class=\"elementor-image-box-img\"><img decoding=\"async\" width=\"715\" height=\"477\" src=\"https:\/\/stemariemadeleinedeyop.com\/wp-content\/uploads\/2026\/03\/511300079_122123061986862718_222777374074340505_n.jpg\" class=\"elementor-animation-pulse attachment-ocean-thumb-l size-ocean-thumb-l wp-image-308\" alt=\"\" srcset=\"https:\/\/stemariemadeleinedeyop.com\/wp-content\/uploads\/2026\/03\/511300079_122123061986862718_222777374074340505_n.jpg 715w, https:\/\/stemariemadeleinedeyop.com\/wp-content\/uploads\/2026\/03\/511300079_122123061986862718_222777374074340505_n-300x200.jpg 300w\" sizes=\"(max-width: 715px) 100vw, 715px\" \/><\/figure><div class=\"elementor-image-box-content\"><h3 class=\"elementor-image-box-title\">Reverend Father Samuel AYILA<\/h3><p class=\"elementor-image-box-description\">Parish Vicar, Chaplain of the Anglophones and Children<\/p><\/div><\/div>\t\t\t\t<\/div>\n\t\t\t\t<\/div>\n\t\t<div class=\"elementor-element elementor-element-8d0188d e-con-full e-flex e-con e-child\" data-id=\"8d0188d\" data-element_type=\"container\" data-e-type=\"container\">\n\t\t\t\t<div class=\"elementor-element elementor-element-5aca09b elementor-position-top elementor-invisible elementor-widget elementor-widget-image-box\" data-id=\"5aca09b\" data-element_type=\"widget\" data-e-type=\"widget\" data-settings=\"{&quot;_animation&quot;:&quot;fadeInDown&quot;}\" data-widget_type=\"image-box.default\">\n\t\t\t\t\t<div class=\"elementor-image-box-wrapper\"><figure class=\"elementor-image-box-img\"><img loading=\"lazy\" decoding=\"async\" width=\"150\" height=\"150\" src=\"https:\/\/stemariemadeleinedeyop.com\/wp-content\/uploads\/2026\/03\/IMG-20251120-WA0010_preview_rev_1-150x150.png\" class=\"elementor-animation-pulse attachment-thumbnail size-thumbnail wp-image-456\" alt=\"\" srcset=\"https:\/\/stemariemadeleinedeyop.com\/wp-content\/uploads\/2026\/03\/IMG-20251120-WA0010_preview_rev_1-150x150.png 150w, https:\/\/stemariemadeleinedeyop.com\/wp-content\/uploads\/2026\/03\/IMG-20251120-WA0010_preview_rev_1-300x300.png 300w, https:\/\/stemariemadeleinedeyop.com\/wp-content\/uploads\/2026\/03\/IMG-20251120-WA0010_preview_rev_1.png 361w\" sizes=\"(max-width: 150px) 100vw, 150px\" \/><\/figure><div class=\"elementor-image-box-content\"><h3 class=\"elementor-image-box-title\">Reverend Father Fabien AKER<\/h3><p class=\"elementor-image-box-description\">Resident Father <\/p><\/div><\/div>\t\t\t\t<\/div>\n\t\t\t\t<\/div>\n\t\t\t\t\t<\/div>\n\t\t\t\t<\/div>\n\t\t<div class=\"elementor-element elementor-element-3b7fb74 e-flex e-con-boxed e-con e-parent\" data-id=\"3b7fb74\" data-element_type=\"container\" data-e-type=\"container\">\n\t\t\t\t\t<div class=\"e-con-inner\">\n\t\t\t\t<div class=\"elementor-element elementor-element-287bb7c elementor-align-center elementor-widget elementor-widget-button\" data-id=\"287bb7c\" data-element_type=\"widget\" data-e-type=\"widget\" data-widget_type=\"button.default\">\n\t\t\t\t\t\t\t\t\t\t<a class=\"elementor-button elementor-button-link elementor-size-sm\" href=\"https:\/\/stemariemadeleinedeyop.com\/en\/don\/\">\n\t\t\t\t\t\t<span class=\"elementor-button-content-wrapper\">\n\t\t\t\t\t\t<span class=\"elementor-button-icon\">\n\t\t\t\t<svg aria-hidden=\"true\" class=\"e-font-icon-svg e-fas-arrow-circle-right\" viewbox=\"0 0 512 512\" xmlns=\"http:\/\/www.w3.org\/2000\/svg\"><path d=\"M256 8c137 0 248 111 248 248S393 504 256 504 8 393 8 256 119 8 256 8zm-28.9 143.6l75.5 72.4H120c-13.3 0-24 10.7-24 24v16c0 13.3 10.7 24 24 24h182.6l-75.5 72.4c-9.7 9.3-9.9 24.8-.4 34.3l11 10.9c9.4 9.4 24.6 9.4 33.9 0L404.3 273c9.4-9.4 9.4-24.6 0-33.9L271.6 106.3c-9.4-9.4-24.6-9.4-33.9 0l-11 10.9c-9.5 9.6-9.3 25.1.4 34.4z\"><\/path><\/svg>\t\t\t<\/span>\n\t\t\t\t\t\t\t\t\t<span class=\"elementor-button-text\">MAKE A DONATION TO THE FATHERS<\/span>\n\t\t\t\t\t<\/span>\n\t\t\t\t\t<\/a>\n\t\t\t\t\t\t\t\t<\/div>\n\t\t\t\t\t<\/div>\n\t\t\t\t<\/div>\n\t\t<div class=\"elementor-element elementor-element-822ee61 e-flex e-con-boxed elementor-invisible e-con e-parent\" data-id=\"822ee61\" data-element_type=\"container\" data-e-type=\"container\" data-settings=\"{&quot;background_background&quot;:&quot;gradient&quot;,&quot;animation&quot;:&quot;fadeInLeft&quot;}\">\n\t\t\t\t\t<div class=\"e-con-inner\">\n\t\t\t\t<div class=\"elementor-element elementor-element-df30be7 elementor-widget elementor-widget-heading\" data-id=\"df30be7\" data-element_type=\"widget\" data-e-type=\"widget\" data-widget_type=\"heading.default\">\n\t\t\t\t\t<h2 class=\"elementor-heading-title elementor-size-default\">The different priests who have led the parish <\/h2>\t\t\t\t<\/div>\n\t\t\t\t\t<\/div>\n\t\t\t\t<\/div>\n\t\t<div class=\"elementor-element elementor-element-f813fb9 e-flex e-con-boxed e-con e-parent\" data-id=\"f813fb9\" data-element_type=\"container\" data-e-type=\"container\">\n\t\t\t\t\t<div class=\"e-con-inner\">\n\t\t<div class=\"elementor-element elementor-element-9eda804 e-con-full e-flex e-con e-child\" data-id=\"9eda804\" data-element_type=\"container\" data-e-type=\"container\">\n\t\t\t\t<div class=\"elementor-element elementor-element-25c8b8f elementor-widget__width-initial elementor-position-top elementor-invisible elementor-widget elementor-widget-image-box\" data-id=\"25c8b8f\" data-element_type=\"widget\" data-e-type=\"widget\" data-settings=\"{&quot;_animation&quot;:&quot;fadeInDown&quot;}\" data-widget_type=\"image-box.default\">\n\t\t\t\t\t<div class=\"elementor-image-box-wrapper\"><figure class=\"elementor-image-box-img\"><img loading=\"lazy\" decoding=\"async\" width=\"257\" height=\"300\" src=\"https:\/\/stemariemadeleinedeyop.com\/wp-content\/uploads\/2026\/04\/WhatsApp-Image-2026-04-07-at-13.08.26-257x300.jpeg\" class=\"elementor-animation-pulse attachment-medium size-medium wp-image-961\" alt=\"\" srcset=\"https:\/\/stemariemadeleinedeyop.com\/wp-content\/uploads\/2026\/04\/WhatsApp-Image-2026-04-07-at-13.08.26-257x300.jpeg 257w, https:\/\/stemariemadeleinedeyop.com\/wp-content\/uploads\/2026\/04\/WhatsApp-Image-2026-04-07-at-13.08.26.jpeg 400w\" sizes=\"(max-width: 257px) 100vw, 257px\" \/><\/figure><div class=\"elementor-image-box-content\"><h3 class=\"elementor-image-box-title\">Reverend Father Alley Jean Mobio<\/h3><p class=\"elementor-image-box-description\">Parish Priest from 2019 to 2025<\/p><\/div><\/div>\t\t\t\t<\/div>\n\t\t\t\t<\/div>\n\t\t<div class=\"elementor-element elementor-element-ef79d4f e-con-full e-flex e-con e-child\" data-id=\"ef79d4f\" data-element_type=\"container\" data-e-type=\"container\">\n\t\t\t\t<div class=\"elementor-element elementor-element-e8b7580 elementor-widget__width-initial elementor-position-top elementor-invisible elementor-widget elementor-widget-image-box\" data-id=\"e8b7580\" data-element_type=\"widget\" data-e-type=\"widget\" data-settings=\"{&quot;_animation&quot;:&quot;fadeInDown&quot;}\" data-widget_type=\"image-box.default\">\n\t\t\t\t\t<div class=\"elementor-image-box-wrapper\"><figure class=\"elementor-image-box-img\"><img loading=\"lazy\" decoding=\"async\" width=\"285\" height=\"300\" src=\"https:\/\/stemariemadeleinedeyop.com\/wp-content\/uploads\/2026\/04\/WhatsApp-Image-2026-04-07-at-00.34.11-285x300.jpeg\" class=\"elementor-animation-pulse attachment-medium size-medium wp-image-957\" alt=\"\" srcset=\"https:\/\/stemariemadeleinedeyop.com\/wp-content\/uploads\/2026\/04\/WhatsApp-Image-2026-04-07-at-00.34.11-285x300.jpeg 285w, https:\/\/stemariemadeleinedeyop.com\/wp-content\/uploads\/2026\/04\/WhatsApp-Image-2026-04-07-at-00.34.11.jpeg 300w\" sizes=\"(max-width: 285px) 100vw, 285px\" \/><\/figure><div class=\"elementor-image-box-content\"><h3 class=\"elementor-image-box-title\">Reverend Father Vitalis OGBUAGU<\/h3><p class=\"elementor-image-box-description\">Parish Priest from 2014 to 2019<\/p><\/div><\/div>\t\t\t\t<\/div>\n\t\t\t\t<\/div>\n\t\t\t\t\t<\/div>\n\t\t\t\t<\/div>\n\t\t\t\t<\/div>","protected":false},"excerpt":{"rendered":"<p>L&rsquo;Equipe Presbyt\u00e9rale R\u00e9v\u00e9rend P\u00e8re Val\u00e9ry Nicaise AMIAN Cur\u00e9 de la Paroisse depuis 2025 R\u00e9v\u00e9rend P\u00e8re Konan Jacques KATCHIRE Vicaire de la Paroisse, Aum\u00f4nier des Jeunes R\u00e9v\u00e9rend P\u00e8re Samuel AYILA Vicaire de la Paroisse, Aum\u00f4nier des Anglophones et des Enfants R\u00e9v\u00e9rend P\u00e8re Fabien AKER P\u00e8re R\u00e9sident FAIRE UN DON AUX PERES Les diff\u00e9rents Cur\u00e9s ayant dirig\u00e9s [&hellip;]<\/p>\n","protected":false},"author":1,"featured_media":0,"parent":0,"menu_order":0,"comment_status":"closed","ping_status":"closed","template":"","meta":{"ocean_post_layout":"","ocean_both_sidebars_style":"","ocean_both_sidebars_content_width":0,"ocean_both_sidebars_sidebars_width":0,"ocean_sidebar":"","ocean_second_sidebar":"","ocean_disable_margins":"enable","ocean_add_body_class":"","ocean_shortcode_before_top_bar":"","ocean_shortcode_after_top_bar":"","ocean_shortcode_before_header":"","ocean_shortcode_after_header":"","ocean_has_shortcode":"","ocean_shortcode_after_title":"","ocean_shortcode_before_footer_widgets":"","ocean_shortcode_after_footer_widgets":"","ocean_shortcode_before_footer_bottom":"","ocean_shortcode_after_footer_bottom":"","ocean_display_top_bar":"default","ocean_display_header":"default","ocean_header_style":"","ocean_center_header_left_menu":"","ocean_custom_header_template":"","ocean_custom_logo":0,"ocean_custom_retina_logo":0,"ocean_custom_logo_max_width":0,"ocean_custom_logo_tablet_max_width":0,"ocean_custom_logo_mobile_max_width":0,"ocean_custom_logo_max_height":0,"ocean_custom_logo_tablet_max_height":0,"ocean_custom_logo_mobile_max_height":0,"ocean_header_custom_menu":"","ocean_menu_typo_font_family":"","ocean_menu_typo_font_subset":"","ocean_menu_typo_font_size":0,"ocean_menu_typo_font_size_tablet":0,"ocean_menu_typo_font_size_mobile":0,"ocean_menu_typo_font_size_unit":"px","ocean_menu_typo_font_weight":"","ocean_menu_typo_font_weight_tablet":"","ocean_menu_typo_font_weight_mobile":"","ocean_menu_typo_transform":"","ocean_menu_typo_transform_tablet":"","ocean_menu_typo_transform_mobile":"","ocean_menu_typo_line_height":0,"ocean_menu_typo_line_height_tablet":0,"ocean_menu_typo_line_height_mobile":0,"ocean_menu_typo_line_height_unit":"","ocean_menu_typo_spacing":0,"ocean_menu_typo_spacing_tablet":0,"ocean_menu_typo_spacing_mobile":0,"ocean_menu_typo_spacing_unit":"","ocean_menu_link_color":"","ocean_menu_link_color_hover":"","ocean_menu_link_color_active":"","ocean_menu_link_background":"","ocean_menu_link_hover_background":"","ocean_menu_link_active_background":"","ocean_menu_social_links_bg":"","ocean_menu_social_hover_links_bg":"","ocean_menu_social_links_color":"","ocean_menu_social_hover_links_color":"","ocean_disable_title":"default","ocean_disable_heading":"default","ocean_post_title":"","ocean_post_subheading":"","ocean_post_title_style":"","ocean_post_title_background_color":"","ocean_post_title_background":0,"ocean_post_title_bg_image_position":"","ocean_post_title_bg_image_attachment":"","ocean_post_title_bg_image_repeat":"","ocean_post_title_bg_image_size":"","ocean_post_title_height":0,"ocean_post_title_bg_overlay":0.5,"ocean_post_title_bg_overlay_color":"","ocean_disable_breadcrumbs":"default","ocean_breadcrumbs_color":"","ocean_breadcrumbs_separator_color":"","ocean_breadcrumbs_links_color":"","ocean_breadcrumbs_links_hover_color":"","ocean_display_footer_widgets":"default","ocean_display_footer_bottom":"default","ocean_custom_footer_template":"","footnotes":""},"class_list":["post-215","page","type-page","status-publish","hentry","entry"],"_hostinger_reach_plugin_has_subscription_block":false,"_hostinger_reach_plugin_is_elementor":false,"_links":{"self":[{"href":"https:\/\/stemariemadeleinedeyop.com\/en\/wp-json\/wp\/v2\/pages\/215","targetHints":{"allow":["GET"]}}],"collection":[{"href":"https:\/\/stemariemadeleinedeyop.com\/en\/wp-json\/wp\/v2\/pages"}],"about":[{"href":"https:\/\/stemariemadeleinedeyop.com\/en\/wp-json\/wp\/v2\/types\/page"}],"author":[{"embeddable":true,"href":"https:\/\/stemariemadeleinedeyop.com\/en\/wp-json\/wp\/v2\/users\/1"}],"replies":[{"embeddable":true,"href":"https:\/\/stemariemadeleinedeyop.com\/en\/wp-json\/wp\/v2\/comments?post=215"}],"version-history":[{"count":43,"href":"https:\/\/stemariemadeleinedeyop.com\/en\/wp-json\/wp\/v2\/pages\/215\/revisions"}],"predecessor-version":[{"id":1531,"href":"https:\/\/stemariemadeleinedeyop.com\/en\/wp-json\/wp\/v2\/pages\/215\/revisions\/1531"}],"wp:attachment":[{"href":"https:\/\/stemariemadeleinedeyop.com\/en\/wp-json\/wp\/v2\/media?parent=215"}],"curies":[{"name":"wp","href":"https:\/\/api.w.org\/{rel}","templated":true}]}}