{"id":211,"date":"2026-03-23T16:46:36","date_gmt":"2026-03-23T16:46:36","guid":{"rendered":"https:\/\/stemariemadeleinedeyop.com\/?page_id=211"},"modified":"2026-04-29T10:48:33","modified_gmt":"2026-04-29T10:48:33","slug":"coordination","status":"publish","type":"page","link":"https:\/\/stemariemadeleinedeyop.com\/en\/coordination\/","title":{"rendered":"Coordination"},"content":{"rendered":"<div data-elementor-type=\"wp-page\" data-elementor-id=\"211\" class=\"elementor elementor-211\" data-elementor-post-type=\"page\">\n\t\t\t\t<div class=\"elementor-element elementor-element-4ff5a3d e-flex e-con-boxed e-con e-parent\" data-id=\"4ff5a3d\" data-element_type=\"container\" data-e-type=\"container\">\n\t\t\t\t\t<div class=\"e-con-inner\">\n\t\t\t\t<div class=\"elementor-element elementor-element-bff8149 elementor-widget elementor-widget-heading\" data-id=\"bff8149\" data-element_type=\"widget\" data-e-type=\"widget\" data-widget_type=\"heading.default\">\n\t\t\t\t\t<h2 class=\"elementor-heading-title elementor-size-default\"><u>The Parish Coordinations<\/u><\/h2>\t\t\t\t<\/div>\n\t\t\t\t\t<\/div>\n\t\t\t\t<\/div>\n\t\t<div class=\"elementor-element elementor-element-e5b1e47 e-flex e-con-boxed elementor-invisible e-con e-parent\" data-id=\"e5b1e47\" data-element_type=\"container\" data-e-type=\"container\" data-settings=\"{&quot;background_background&quot;:&quot;gradient&quot;,&quot;animation&quot;:&quot;fadeInDown&quot;}\">\n\t\t\t\t\t<div class=\"e-con-inner\">\n\t\t\t\t<div class=\"elementor-element elementor-element-511c755 elementor-widget__width-initial elementor-widget-mobile__width-initial elementor-widget elementor-widget-text-editor\" data-id=\"511c755\" data-element_type=\"widget\" data-e-type=\"widget\" data-widget_type=\"text-editor.default\">\n\t\t\t\t\t\t\t\t\t<ul><li><a href=\"#ceb\"><strong>The Coordination of the CEB\u00a0<\/strong><\/a><\/li><li><a href=\"#region\"><strong>The Coordination of the Regions<\/strong><\/a><\/li><\/ul>\t\t\t\t\t\t\t\t<\/div>\n\t\t\t\t\t<\/div>\n\t\t\t\t<\/div>\n\t\t<div class=\"elementor-element elementor-element-0bd1b9a e-flex e-con-boxed elementor-invisible e-con e-parent\" data-id=\"0bd1b9a\" data-element_type=\"container\" data-e-type=\"container\" data-settings=\"{&quot;animation&quot;:&quot;fadeInRight&quot;}\">\n\t\t\t\t\t<div class=\"e-con-inner\">\n\t\t\t\t<div class=\"elementor-element elementor-element-f65918b elementor-widget elementor-widget-menu-anchor\" data-id=\"f65918b\" data-element_type=\"widget\" data-e-type=\"widget\" data-widget_type=\"menu-anchor.default\">\n\t\t\t\t\t\t\t<div class=\"elementor-menu-anchor\" id=\"ceb\"><\/div>\n\t\t\t\t\t\t<\/div>\n\t\t\t\t<div class=\"elementor-element elementor-element-d1265a7 elementor-widget elementor-widget-heading\" data-id=\"d1265a7\" data-element_type=\"widget\" data-e-type=\"widget\" data-widget_type=\"heading.default\">\n\t\t\t\t\t<h2 class=\"elementor-heading-title elementor-size-default\"><u>The CEB Coordination Office<\/u><\/h2>\t\t\t\t<\/div>\n\t\t\t\t\t<\/div>\n\t\t\t\t<\/div>\n\t\t<div class=\"elementor-element elementor-element-fe0fdc2 e-flex e-con-boxed elementor-invisible e-con e-parent\" data-id=\"fe0fdc2\" data-element_type=\"container\" data-e-type=\"container\" data-settings=\"{&quot;background_background&quot;:&quot;gradient&quot;,&quot;animation&quot;:&quot;fadeInDown&quot;}\">\n\t\t\t\t\t<div class=\"e-con-inner\">\n\t\t<div class=\"elementor-element elementor-element-bd85820 e-con-full e-flex e-con e-child\" data-id=\"bd85820\" data-element_type=\"container\" data-e-type=\"container\">\n\t\t\t\t<div class=\"elementor-element elementor-element-74389d8 elementor-position-top elementor-invisible elementor-widget elementor-widget-image-box\" data-id=\"74389d8\" data-element_type=\"widget\" data-e-type=\"widget\" data-settings=\"{&quot;_animation&quot;:&quot;fadeInDown&quot;}\" data-widget_type=\"image-box.default\">\n\t\t\t\t\t<div class=\"elementor-image-box-wrapper\"><figure class=\"elementor-image-box-img\"><img decoding=\"async\" width=\"150\" height=\"150\" src=\"https:\/\/stemariemadeleinedeyop.com\/wp-content\/uploads\/2026\/04\/leadership-1-150x150.png\" class=\"elementor-animation-pulse attachment-thumbnail size-thumbnail wp-image-1346\" alt=\"\" srcset=\"https:\/\/stemariemadeleinedeyop.com\/wp-content\/uploads\/2026\/04\/leadership-1-150x150.png 150w, https:\/\/stemariemadeleinedeyop.com\/wp-content\/uploads\/2026\/04\/leadership-1-300x300.png 300w, https:\/\/stemariemadeleinedeyop.com\/wp-content\/uploads\/2026\/04\/leadership-1.png 512w\" sizes=\"(max-width: 150px) 100vw, 150px\" \/><\/figure><div class=\"elementor-image-box-content\"><h3 class=\"elementor-image-box-title\">Mr. ASSOUMAN Nestor, Head of CEB Coordination<\/h3><\/div><\/div>\t\t\t\t<\/div>\n\t\t\t\t<\/div>\n\t\t<div class=\"elementor-element elementor-element-74c96a7 e-con-full e-flex e-con e-child\" data-id=\"74c96a7\" data-element_type=\"container\" data-e-type=\"container\">\n\t\t\t\t<div class=\"elementor-element elementor-element-15aaa1a elementor-widget elementor-widget-text-editor\" data-id=\"15aaa1a\" data-element_type=\"widget\" data-e-type=\"widget\" data-widget_type=\"text-editor.default\">\n\t\t\t\t\t\t\t\t\t<ul><li>Mr. YAHIBO Gbiazo Roger : <strong>Deputy Manager\u00a0<\/strong><\/li><li>Mr. ESSECOFY Mark Junior : <strong>Secretary General<br \/><\/strong><\/li><li>Mr. OUSSOU Koffi G\u00e9rard: <strong>Deputy Secretary General<\/strong><\/li><li>Mrs. N'CHO Aline <strong>Treasurer General<\/strong><\/li><li>Miss Audrey Affou\u00e9 : <strong>Deputy Treasurer General<\/strong><\/li><\/ul>\t\t\t\t\t\t\t\t<\/div>\n\t\t\t\t<\/div>\n\t\t\t\t\t<\/div>\n\t\t\t\t<\/div>\n\t\t<div class=\"elementor-element elementor-element-d4f5314 e-flex e-con-boxed e-con e-parent\" data-id=\"d4f5314\" data-element_type=\"container\" data-e-type=\"container\">\n\t\t\t\t\t<div class=\"e-con-inner\">\n\t\t\t\t<div class=\"elementor-element elementor-element-f1a711d elementor-widget elementor-widget-heading\" data-id=\"f1a711d\" data-element_type=\"widget\" data-e-type=\"widget\" data-widget_type=\"heading.default\">\n\t\t\t\t\t<h2 class=\"elementor-heading-title elementor-size-default\"><u>The Entities of the CEB Coordination<\/u><\/h2>\t\t\t\t<\/div>\n\t\t\t\t\t<\/div>\n\t\t\t\t<\/div>\n\t\t<div class=\"elementor-element elementor-element-cccec80 e-flex e-con-boxed elementor-invisible e-con e-parent\" data-id=\"cccec80\" data-element_type=\"container\" data-e-type=\"container\" data-settings=\"{&quot;background_background&quot;:&quot;gradient&quot;,&quot;animation&quot;:&quot;fadeInDown&quot;}\">\n\t\t\t\t\t<div class=\"e-con-inner\">\n\t\t\t\t<div class=\"elementor-element elementor-element-c195514 elementor-widget__width-inherit elementor-widget elementor-widget-shortcode\" data-id=\"c195514\" data-element_type=\"widget\" data-e-type=\"widget\" data-widget_type=\"shortcode.default\">\n\t\t\t\t\t\t\t<div class=\"elementor-shortcode\"><h2 id=\"tablepress-1-name\" class=\"tablepress-table-name tablepress-table-name-id-1\">THE CEB<\/h2>\n\n<table id=\"tablepress-1\" class=\"tablepress tablepress-id-1\" aria-labelledby=\"tablepress-1-name\">\n<thead>\n<tr class=\"row-1\">\n\t<td class=\"column-1\"><\/td><th class=\"column-2\">NAME OF THE CEB<\/th><th class=\"column-3\">SECTOR<\/th><th class=\"column-4\">Responsible<\/th><th class=\"column-5\">TERRITORY<\/th><th class=\"column-6\">MEETING PLACE<\/th><th class=\"column-7\">SLOGAN<\/th><th class=\"column-8\">DAY AND TIME OF MEETING<\/th>\n<\/tr>\n<\/thead>\n<tbody class=\"row-striping row-hover\">\n<tr class=\"row-2\">\n\t<td class=\"column-1\">1<\/td><td class=\"column-2\">CEB THE DISCIPLES OF EMMAUS<\/td><td class=\"column-3\">1<\/td><td class=\"column-4\">Mrs. BEHIBRO Angeline<\/td><td class=\"column-5\">Bus 37 Terminus - Jules Ferry Reebock School - St Laurent Pharmacy - Return<\/td><td class=\"column-6\">In the Field Opposite the EBAH Family<\/td><td class=\"column-7\">Jesus present in the Eucharist!<\/td><td class=\"column-8\">Wednesdays from 7:30 PM to 9:00 PM<\/td>\n<\/tr>\n<tr class=\"row-3\">\n\t<td class=\"column-1\">2<\/td><td class=\"column-2\">CEB SAINTE MARIE MEDIATOR<\/td><td class=\"column-3\">1<\/td><td class=\"column-4\">N\u2019ZIAN Patrice<\/td><td class=\"column-5\">St Laurent Pharmacy - DORIAN College - Beraca Pharmacy - Carrefour Siporex 7 - Parish - Return<\/td><td class=\"column-6\"><\/td><td class=\"column-7\">All yours, Marie!<\/td><td class=\"column-8\"><\/td>\n<\/tr>\n<tr class=\"row-4\">\n\t<td class=\"column-1\">3<\/td><td class=\"column-2\">CEB SAINT ANTOINE DE PADOUE<\/td><td class=\"column-3\">1<\/td><td class=\"column-4\">Mrs. DAGO Marie-Th\u00e9r\u00e8se<\/td><td class=\"column-5\">Bus 37 Terminus - Niangon Crossroads Light - Gandhi Roundabout - Jules Ferry Reebock School<\/td><td class=\"column-6\"><\/td><td class=\"column-7\">Everything is found through God!<\/td><td class=\"column-8\"><\/td>\n<\/tr>\n<tr class=\"row-5\">\n\t<td class=\"column-1\">4<\/td><td class=\"column-2\">CEB SAINT DOMINIQUE<\/td><td class=\"column-3\">2<\/td><td class=\"column-4\">GUONNEBO Ad\u00e9line Laure<\/td><td class=\"column-5\">Pink Building - St Augustine2 - Kweit Market - Main Mosque<\/td><td class=\"column-6\"><\/td><td class=\"column-7\">Charity !<\/td><td class=\"column-8\"><\/td>\n<\/tr>\n<tr class=\"row-6\">\n\t<td class=\"column-1\">5<\/td><td class=\"column-2\">SAINT FRANCOIS DE SALES<\/td><td class=\"column-3\">2<\/td><td class=\"column-4\">EBAH Lucie<\/td><td class=\"column-5\">Pink Building - Romario Land - Jules Ferry Reebock School<\/td><td class=\"column-6\"><\/td><td class=\"column-7\">The Sweetness!<\/td><td class=\"column-8\"><\/td>\n<\/tr>\n<tr class=\"row-7\">\n\t<td class=\"column-1\">6<\/td><td class=\"column-2\">CEB SAINTE FAMILLE<\/td><td class=\"column-3\">3<\/td><td class=\"column-4\">AYEMIAN Kouacou Antoine<\/td><td class=\"column-5\">Parish - Siporex 7 - Celeste Roundabout - Niangon Crossroads - Return<\/td><td class=\"column-6\"><\/td><td class=\"column-7\">Jesus Mary Joseph, it's hot!<\/td><td class=\"column-8\"><\/td>\n<\/tr>\n<tr class=\"row-8\">\n\t<td class=\"column-1\">7<\/td><td class=\"column-2\">CEB SAINTE CROIX<\/td><td class=\"column-3\">3<\/td><td class=\"column-4\">HIE Alice<\/td><td class=\"column-5\">Siporex 7 - Former Noya Pharmacy - Ground Floor St Fran\u00e7ois - Celestial Church<\/td><td class=\"column-6\"><\/td><td class=\"column-7\">Love, Sacrifice, and Glory!<\/td><td class=\"column-8\"><\/td>\n<\/tr>\n<tr class=\"row-9\">\n\t<td class=\"column-1\">8<\/td><td class=\"column-2\">CEB SAINTE CLAIRE<\/td><td class=\"column-3\">3<\/td><td class=\"column-4\">TA Bi Ti\u00e9 Alain<\/td><td class=\"column-5\">Siporex 7 - Beraca Pharmacy - Virage - Former Noya Pharmacy<\/td><td class=\"column-6\"><\/td><td class=\"column-7\">Love and Charity!<\/td><td class=\"column-8\"><\/td>\n<\/tr>\n<tr class=\"row-10\">\n\t<td class=\"column-1\">9<\/td><td class=\"column-2\">CEB NOTRE DAME DE L'ANNONCIATION<\/td><td class=\"column-3\">4<\/td><td class=\"column-4\">SINGO Yonne Robert<\/td><td class=\"column-5\">CGRAE - Craven A Crossroads - SINGA College - SOGEFIHA 4 Primary School<\/td><td class=\"column-6\"><\/td><td class=\"column-7\">Humility Serve!<\/td><td class=\"column-8\"><\/td>\n<\/tr>\n<tr class=\"row-11\">\n\t<td class=\"column-1\">10<\/td><td class=\"column-2\">CEB SAINTE TRINITE<\/td><td class=\"column-3\">4<\/td><td class=\"column-4\">ANOH Jean<\/td><td class=\"column-5\">CHIGATA Pharmacy - CGRAE - EPP SOGEFIHA 4<\/td><td class=\"column-6\"><\/td><td class=\"column-7\">Love and Charity!<\/td><td class=\"column-8\"><\/td>\n<\/tr>\n<tr class=\"row-12\">\n\t<td class=\"column-1\">11<\/td><td class=\"column-2\">CEB MERE THERESA CALCUTTA<\/td><td class=\"column-3\">4<\/td><td class=\"column-4\">N\u2019CHO Aline<\/td><td class=\"column-5\">SINGA College - Nankoko Pharmacy - Firefighter Fire - CHIGATTA Pharmacy<\/td><td class=\"column-6\"><\/td><td class=\"column-7\">Love Humility Action!<\/td><td class=\"column-8\"><\/td>\n<\/tr>\n<tr class=\"row-13\">\n\t<td class=\"column-1\">12<\/td><td class=\"column-2\">CEB IMMACULEE CONCEPTION<\/td><td class=\"column-3\">5<\/td><td class=\"column-4\">WAWA Marie Epse KOBE<\/td><td class=\"column-5\">Niangon Crossroads - Green Mosque - St. Fran\u00e7ois - Mitth\u00e9rand College<\/td><td class=\"column-6\"><\/td><td class=\"column-7\">Conceived without Sin!<\/td><td class=\"column-8\"><\/td>\n<\/tr>\n<tr class=\"row-14\">\n\t<td class=\"column-1\">13<\/td><td class=\"column-2\">CEB NOTRE DAME DU ROSAIRE<\/td><td class=\"column-3\">5<\/td><td class=\"column-4\">Audrey Affou\u00e9<\/td><td class=\"column-5\">Mitth\u00e9rend College - Nankoko Pharmacy - CNPS - St. Fran\u00e7ois College<\/td><td class=\"column-6\"><\/td><td class=\"column-7\">Power and Victory!<\/td><td class=\"column-8\"><\/td>\n<\/tr>\n<tr class=\"row-15\">\n\t<td class=\"column-1\">14<\/td><td class=\"column-2\">CEB NOTRE DAME DE LA GARDE<\/td><td class=\"column-3\">5<\/td><td class=\"column-4\">BATIONO Epiphane V.<\/td><td class=\"column-5\">Gandhi - Coll\u00e8ge Mitth\u00e9rand - CGRAE - Carrefour Niangon - Gandhi<\/td><td class=\"column-6\"><\/td><td class=\"column-7\">Throne of Glory! Throne of Mercy!<\/td><td class=\"column-8\"><\/td>\n<\/tr>\n<\/tbody>\n<\/table>\n<\/div>\n\t\t\t\t\t\t<\/div>\n\t\t\t\t\t<\/div>\n\t\t\t\t<\/div>\n\t\t<div class=\"elementor-element elementor-element-da7ca38 e-flex e-con-boxed e-con e-parent\" data-id=\"da7ca38\" data-element_type=\"container\" data-e-type=\"container\">\n\t\t\t\t\t<div class=\"e-con-inner\">\n\t\t\t\t<div class=\"elementor-element elementor-element-b7b0476 elementor-widget elementor-widget-menu-anchor\" data-id=\"b7b0476\" data-element_type=\"widget\" data-e-type=\"widget\" data-widget_type=\"menu-anchor.default\">\n\t\t\t\t\t\t\t<div class=\"elementor-menu-anchor\" id=\"region\"><\/div>\n\t\t\t\t\t\t<\/div>\n\t\t\t\t<div class=\"elementor-element elementor-element-b98fb08 elementor-widget elementor-widget-heading\" data-id=\"b98fb08\" data-element_type=\"widget\" data-e-type=\"widget\" data-widget_type=\"heading.default\">\n\t\t\t\t\t<h2 class=\"elementor-heading-title elementor-size-default\"><u>The Office of Coordination of the Regions<\/u><\/h2>\t\t\t\t<\/div>\n\t\t\t\t\t<\/div>\n\t\t\t\t<\/div>\n\t\t<div class=\"elementor-element elementor-element-68310ba e-flex e-con-boxed elementor-invisible e-con e-parent\" data-id=\"68310ba\" data-element_type=\"container\" data-e-type=\"container\" data-settings=\"{&quot;background_background&quot;:&quot;gradient&quot;,&quot;animation&quot;:&quot;fadeInDown&quot;}\">\n\t\t\t\t\t<div class=\"e-con-inner\">\n\t\t<div class=\"elementor-element elementor-element-9ffd73c e-con-full e-flex e-con e-child\" data-id=\"9ffd73c\" data-element_type=\"container\" data-e-type=\"container\">\n\t\t\t\t<div class=\"elementor-element elementor-element-092e6cd elementor-position-top elementor-invisible elementor-widget elementor-widget-image-box\" data-id=\"092e6cd\" data-element_type=\"widget\" data-e-type=\"widget\" data-settings=\"{&quot;_animation&quot;:&quot;fadeInDown&quot;}\" data-widget_type=\"image-box.default\">\n\t\t\t\t\t<div class=\"elementor-image-box-wrapper\"><figure class=\"elementor-image-box-img\"><img decoding=\"async\" width=\"150\" height=\"150\" src=\"https:\/\/stemariemadeleinedeyop.com\/wp-content\/uploads\/2026\/04\/leadership-1-150x150.png\" class=\"elementor-animation-pulse attachment-thumbnail size-thumbnail wp-image-1346\" alt=\"\" srcset=\"https:\/\/stemariemadeleinedeyop.com\/wp-content\/uploads\/2026\/04\/leadership-1-150x150.png 150w, https:\/\/stemariemadeleinedeyop.com\/wp-content\/uploads\/2026\/04\/leadership-1-300x300.png 300w, https:\/\/stemariemadeleinedeyop.com\/wp-content\/uploads\/2026\/04\/leadership-1.png 512w\" sizes=\"(max-width: 150px) 100vw, 150px\" \/><\/figure><div class=\"elementor-image-box-content\"><h3 class=\"elementor-image-box-title\">Mr. KONE Cyprien, Head of Regional Coordination<\/h3><\/div><\/div>\t\t\t\t<\/div>\n\t\t\t\t<\/div>\n\t\t<div class=\"elementor-element elementor-element-3e302ca e-con-full e-flex e-con e-child\" data-id=\"3e302ca\" data-element_type=\"container\" data-e-type=\"container\">\n\t\t\t\t<div class=\"elementor-element elementor-element-2223002 elementor-widget elementor-widget-text-editor\" data-id=\"2223002\" data-element_type=\"widget\" data-e-type=\"widget\" data-widget_type=\"text-editor.default\">\n\t\t\t\t\t\t\t\t\t<ul><li>Mrs. AKICHI Madeleine :<strong>\u00a0Deputy Manager\u00a0<\/strong><\/li><li>N&rsquo;DRI Fr\u00e9d\u00e9ric : <strong>Secretary General<\/strong><\/li><li>Mrs. AZIA C\u00e9lestine: <strong>Treasurer General<\/strong><\/li><li>SEKRE Kossonou Jean Fran\u00e7ois : <strong>Spokesperson<\/strong><\/li><\/ul>\t\t\t\t\t\t\t\t<\/div>\n\t\t\t\t<\/div>\n\t\t\t\t\t<\/div>\n\t\t\t\t<\/div>\n\t\t<div class=\"elementor-element elementor-element-6feafcd e-flex e-con-boxed e-con e-parent\" data-id=\"6feafcd\" data-element_type=\"container\" data-e-type=\"container\">\n\t\t\t\t\t<div class=\"e-con-inner\">\n\t\t\t\t<div class=\"elementor-element elementor-element-9fc009f elementor-widget elementor-widget-heading\" data-id=\"9fc009f\" data-element_type=\"widget\" data-e-type=\"widget\" data-widget_type=\"heading.default\">\n\t\t\t\t\t<h2 class=\"elementor-heading-title elementor-size-default\"><u>The Different Groups of the Regions<\/u><\/h2>\t\t\t\t<\/div>\n\t\t\t\t\t<\/div>\n\t\t\t\t<\/div>\n\t\t<div class=\"elementor-element elementor-element-3bd2962 e-flex e-con-boxed elementor-invisible e-con e-parent\" data-id=\"3bd2962\" data-element_type=\"container\" data-e-type=\"container\" data-settings=\"{&quot;background_background&quot;:&quot;gradient&quot;,&quot;animation&quot;:&quot;fadeInDown&quot;}\">\n\t\t\t\t\t<div class=\"e-con-inner\">\n\t\t\t\t<div class=\"elementor-element elementor-element-8a1711d elementor-widget__width-inherit elementor-widget elementor-widget-shortcode\" data-id=\"8a1711d\" data-element_type=\"widget\" data-e-type=\"widget\" data-widget_type=\"shortcode.default\">\n\t\t\t\t\t\t\t<div class=\"elementor-shortcode\">\n<table id=\"tablepress-2\" class=\"tablepress tablepress-id-2\">\n<thead>\n<tr class=\"row-1\">\n\t<th class=\"column-1\">N\u00b0<\/th><th class=\"column-2\">NOM REGIONS<\/th><th class=\"column-3\">Responsible<\/th><th class=\"column-4\">PLACE AND TIME OF MEETING<\/th><th class=\"column-5\">SLOGAN<\/th><th class=\"column-6\">DAY OF PASSAGE FOR CHARITY<\/th>\n<\/tr>\n<\/thead>\n<tbody class=\"row-striping row-hover\">\n<tr class=\"row-2\">\n\t<td class=\"column-1\">1<\/td><td class=\"column-2\">REGIONS OF THE GREAT SOUTH<\/td><td class=\"column-3\">Mr. OBON<\/td><td class=\"column-4\">AT THE CAVE AFTER THE 6:30 MASS<\/td><td class=\"column-5\"><\/td><td class=\"column-6\">SUNDAY, APRIL 19, 2026 AT 6:30 AM<\/td>\n<\/tr>\n<tr class=\"row-3\">\n\t<td class=\"column-1\">2<\/td><td class=\"column-2\">REGIONS OF THE GREAT EAST<\/td><td class=\"column-3\">KOUASSI<\/td><td class=\"column-4\">AT THE CAVE AFTER THE 6:30 MASS<\/td><td class=\"column-5\"><\/td><td class=\"column-6\">SUNDAY, MAY 10, 2026 AT 7:00 AM<\/td>\n<\/tr>\n<tr class=\"row-4\">\n\t<td class=\"column-1\">3<\/td><td class=\"column-2\">REGIONS OF THE GREAT CENTER<\/td><td class=\"column-3\">KONAN MARCEL<\/td><td class=\"column-4\">IN THE NEW BUILDING AFTER THE 6:30 MASS<\/td><td class=\"column-5\">OYEHEE !!! OYEHEE!!!<br \/>\nOYEHEE TITITI!!!<\/td><td class=\"column-6\">SUNDAY, MAY 31, 2026 AT 7:00 AM<\/td>\n<\/tr>\n<tr class=\"row-5\">\n\t<td class=\"column-1\">4<\/td><td class=\"column-2\">GREATER NORTH REGION AND DIASPORAS<\/td><td class=\"column-3\">M. HIE<\/td><td class=\"column-4\">IN FRONT OF THE NEW BUILDING AFTER THE 6:30 MASS<\/td><td class=\"column-5\"><\/td><td class=\"column-6\">SUNDAY, JUNE 21, 2026 AT 7:00 AM<\/td>\n<\/tr>\n<tr class=\"row-6\">\n\t<td class=\"column-1\">5<\/td><td class=\"column-2\">SUPER WEST REGION<\/td><td class=\"column-3\">AZIA CELESTINE<\/td><td class=\"column-4\">IN THE NEW BUILDING AFTER THE 6:30 MASS<\/td><td class=\"column-5\">OUEST OOOOH!!!<br \/>\nOOOOH Super OUEST!!!<\/td><td class=\"column-6\">SUNDAY, JULY 12, 2026 AT 7:00 AM<\/td>\n<\/tr>\n<tr class=\"row-7\">\n\t<td class=\"column-1\">6<\/td><td class=\"column-2\">PARADISE REGION<\/td><td class=\"column-3\">FATHER PASTOR VALERY AMIAN<\/td><td class=\"column-4\"><\/td><td class=\"column-5\"><\/td><td class=\"column-6\">SUNDAY, JULY 26, 2026 AT 7:00 AM<\/td>\n<\/tr>\n<\/tbody>\n<\/table>\n<\/div>\n\t\t\t\t\t\t<\/div>\n\t\t\t\t\t<\/div>\n\t\t\t\t<\/div>\n\t\t\t\t<\/div>","protected":false},"excerpt":{"rendered":"<p>Les Coordinations de la Paroisse La Coordination des CEB\u00a0 La Coordination des R\u00e9gions Le Bureau de la Coordination des CEB M. ASSOUMAN Nestor, Responsable de la coordination des CEB YAHIBO Gbiazo Roger : Vice Responsable\u00a0 ESSECOFY Mark Junior : Secr\u00e9taire G\u00e9n\u00e9rale OUSSOU Koffi G\u00e9rard: Secr\u00e9taire G\u00e9n\u00e9rale Adjoint Mme N&rsquo;CHO Aline : Tr\u00e9sori\u00e8re G\u00e9n\u00e9rale Audrey Affou\u00e9 [&hellip;]<\/p>\n","protected":false},"author":1,"featured_media":0,"parent":0,"menu_order":0,"comment_status":"closed","ping_status":"closed","template":"","meta":{"ocean_post_layout":"","ocean_both_sidebars_style":"","ocean_both_sidebars_content_width":0,"ocean_both_sidebars_sidebars_width":0,"ocean_sidebar":"","ocean_second_sidebar":"","ocean_disable_margins":"enable","ocean_add_body_class":"","ocean_shortcode_before_top_bar":"","ocean_shortcode_after_top_bar":"","ocean_shortcode_before_header":"","ocean_shortcode_after_header":"","ocean_has_shortcode":"","ocean_shortcode_after_title":"","ocean_shortcode_before_footer_widgets":"","ocean_shortcode_after_footer_widgets":"","ocean_shortcode_before_footer_bottom":"","ocean_shortcode_after_footer_bottom":"","ocean_display_top_bar":"default","ocean_display_header":"default","ocean_header_style":"","ocean_center_header_left_menu":"","ocean_custom_header_template":"","ocean_custom_logo":0,"ocean_custom_retina_logo":0,"ocean_custom_logo_max_width":0,"ocean_custom_logo_tablet_max_width":0,"ocean_custom_logo_mobile_max_width":0,"ocean_custom_logo_max_height":0,"ocean_custom_logo_tablet_max_height":0,"ocean_custom_logo_mobile_max_height":0,"ocean_header_custom_menu":"","ocean_menu_typo_font_family":"","ocean_menu_typo_font_subset":"","ocean_menu_typo_font_size":0,"ocean_menu_typo_font_size_tablet":0,"ocean_menu_typo_font_size_mobile":0,"ocean_menu_typo_font_size_unit":"px","ocean_menu_typo_font_weight":"","ocean_menu_typo_font_weight_tablet":"","ocean_menu_typo_font_weight_mobile":"","ocean_menu_typo_transform":"","ocean_menu_typo_transform_tablet":"","ocean_menu_typo_transform_mobile":"","ocean_menu_typo_line_height":0,"ocean_menu_typo_line_height_tablet":0,"ocean_menu_typo_line_height_mobile":0,"ocean_menu_typo_line_height_unit":"","ocean_menu_typo_spacing":0,"ocean_menu_typo_spacing_tablet":0,"ocean_menu_typo_spacing_mobile":0,"ocean_menu_typo_spacing_unit":"","ocean_menu_link_color":"","ocean_menu_link_color_hover":"","ocean_menu_link_color_active":"","ocean_menu_link_background":"","ocean_menu_link_hover_background":"","ocean_menu_link_active_background":"","ocean_menu_social_links_bg":"","ocean_menu_social_hover_links_bg":"","ocean_menu_social_links_color":"","ocean_menu_social_hover_links_color":"","ocean_disable_title":"default","ocean_disable_heading":"default","ocean_post_title":"","ocean_post_subheading":"","ocean_post_title_style":"","ocean_post_title_background_color":"","ocean_post_title_background":0,"ocean_post_title_bg_image_position":"","ocean_post_title_bg_image_attachment":"","ocean_post_title_bg_image_repeat":"","ocean_post_title_bg_image_size":"","ocean_post_title_height":0,"ocean_post_title_bg_overlay":0.5,"ocean_post_title_bg_overlay_color":"","ocean_disable_breadcrumbs":"default","ocean_breadcrumbs_color":"","ocean_breadcrumbs_separator_color":"","ocean_breadcrumbs_links_color":"","ocean_breadcrumbs_links_hover_color":"","ocean_display_footer_widgets":"default","ocean_display_footer_bottom":"default","ocean_custom_footer_template":"","footnotes":""},"class_list":["post-211","page","type-page","status-publish","hentry","entry"],"_hostinger_reach_plugin_has_subscription_block":false,"_hostinger_reach_plugin_is_elementor":false,"_links":{"self":[{"href":"https:\/\/stemariemadeleinedeyop.com\/en\/wp-json\/wp\/v2\/pages\/211","targetHints":{"allow":["GET"]}}],"collection":[{"href":"https:\/\/stemariemadeleinedeyop.com\/en\/wp-json\/wp\/v2\/pages"}],"about":[{"href":"https:\/\/stemariemadeleinedeyop.com\/en\/wp-json\/wp\/v2\/types\/page"}],"author":[{"embeddable":true,"href":"https:\/\/stemariemadeleinedeyop.com\/en\/wp-json\/wp\/v2\/users\/1"}],"replies":[{"embeddable":true,"href":"https:\/\/stemariemadeleinedeyop.com\/en\/wp-json\/wp\/v2\/comments?post=211"}],"version-history":[{"count":37,"href":"https:\/\/stemariemadeleinedeyop.com\/en\/wp-json\/wp\/v2\/pages\/211\/revisions"}],"predecessor-version":[{"id":1682,"href":"https:\/\/stemariemadeleinedeyop.com\/en\/wp-json\/wp\/v2\/pages\/211\/revisions\/1682"}],"wp:attachment":[{"href":"https:\/\/stemariemadeleinedeyop.com\/en\/wp-json\/wp\/v2\/media?parent=211"}],"curies":[{"name":"wp","href":"https:\/\/api.w.org\/{rel}","templated":true}]}}